{"id":8648,"date":"2023-12-17T07:58:26","date_gmt":"2023-12-17T07:58:26","guid":{"rendered":"https:\/\/grantsofficecan.com\/publications-2\/"},"modified":"2024-01-08T06:29:43","modified_gmt":"2024-01-08T06:29:43","slug":"publications","status":"publish","type":"page","link":"https:\/\/grantsofficecan.com\/fr\/publications\/","title":{"rendered":"Publications"},"content":{"rendered":"\t\t<div data-elementor-type=\"wp-page\" data-elementor-id=\"8648\" class=\"elementor elementor-8648 elementor-8483\" data-elementor-post-type=\"page\">\n\t\t\t\t\t\t\t        <section class=\"elementor-section elementor-top-section elementor-element elementor-element-260bf8f elementor-section-stretched elementor-section-boxed elementor-section-height-default elementor-section-height-default ct-header-fixed-none\" data-id=\"260bf8f\" data-element_type=\"section\" data-settings=\"{&quot;stretch_section&quot;:&quot;section-stretched&quot;,&quot;background_background&quot;:&quot;classic&quot;}\">\n            \n                        <div class=\"elementor-container elementor-column-gap-extended \">\n                    <div class=\"elementor-column elementor-col-100 elementor-top-column elementor-element elementor-element-3ea80bc\" data-id=\"3ea80bc\" data-element_type=\"column\">\n            <div class=\"elementor-widget-wrap elementor-element-populated\">\n                        \t\t<div class=\"elementor-element elementor-element-5887003 elementor-widget elementor-widget-spacer\" data-id=\"5887003\" data-element_type=\"widget\" data-widget_type=\"spacer.default\">\n\t\t\t\t<div class=\"elementor-widget-container\">\n\t\t\t<style>\/*! elementor - v3.18.0 - 08-12-2023 *\/\n.elementor-column .elementor-spacer-inner{height:var(--spacer-size)}.e-con{--container-widget-width:100%}.e-con-inner>.elementor-widget-spacer,.e-con>.elementor-widget-spacer{width:var(--container-widget-width,var(--spacer-size));--align-self:var(--container-widget-align-self,initial);--flex-shrink:0}.e-con-inner>.elementor-widget-spacer>.elementor-widget-container,.e-con>.elementor-widget-spacer>.elementor-widget-container{height:100%;width:100%}.e-con-inner>.elementor-widget-spacer>.elementor-widget-container>.elementor-spacer,.e-con>.elementor-widget-spacer>.elementor-widget-container>.elementor-spacer{height:100%}.e-con-inner>.elementor-widget-spacer>.elementor-widget-container>.elementor-spacer>.elementor-spacer-inner,.e-con>.elementor-widget-spacer>.elementor-widget-container>.elementor-spacer>.elementor-spacer-inner{height:var(--container-widget-height,var(--spacer-size))}.e-con-inner>.elementor-widget-spacer.elementor-widget-empty,.e-con>.elementor-widget-spacer.elementor-widget-empty{position:relative;min-height:22px;min-width:22px}.e-con-inner>.elementor-widget-spacer.elementor-widget-empty .elementor-widget-empty-icon,.e-con>.elementor-widget-spacer.elementor-widget-empty .elementor-widget-empty-icon{position:absolute;top:0;bottom:0;left:0;right:0;margin:auto;padding:0;width:22px;height:22px}<\/style>\t\t<div class=\"elementor-spacer\">\n\t\t\t<div class=\"elementor-spacer-inner\"><\/div>\n\t\t<\/div>\n\t\t\t\t<\/div>\n\t\t\t\t<\/div>\n\t\t        <section class=\"elementor-section elementor-inner-section elementor-element elementor-element-8340f93 elementor-section-boxed elementor-section-height-default elementor-section-height-default ct-header-fixed-none\" data-id=\"8340f93\" data-element_type=\"section\">\n            \n                        <div class=\"elementor-container elementor-column-gap-default \">\n                    <div class=\"elementor-column elementor-col-66 elementor-inner-column elementor-element elementor-element-c3aa84f\" data-id=\"c3aa84f\" data-element_type=\"column\">\n            <div class=\"elementor-widget-wrap elementor-element-populated\">\n                        \t\t<div class=\"elementor-element elementor-element-9db1c67 elementor-widget elementor-widget-ct_blog_grid\" data-id=\"9db1c67\" data-element_type=\"widget\" data-widget_type=\"ct_blog_grid.default\">\n\t\t\t\t<div class=\"elementor-widget-container\">\n\t\t\t\r\n<div id=\"ct_blog_grid-9db1c67\" class=\"ct-grid ct-blog-grid ct-blog-grid-layout1\" data-layout=\"masonry\" data-start-page=\"1\" data-max-pages=\"1\" data-total=\"2\" data-perpage=\"600\" data-next-link=\"\">\r\n    <div class=\"ct-grid-overlay\"><\/div>\r\n    \r\n    <div class=\"ct-grid-inner ct-grid-masonry row animate-time\" data-gutter=\"15\">\r\n                    <div class=\"grid-sizer col-xl-12 col-lg-12 col-md-12 col-sm-12 col-12\"><\/div>\r\n                                <div class=\"grid-item col-xl-12 col-lg-12 col-md-12 col-sm-12 col-12 \">\n                    <div class=\"grid-item-inner \">\n                                                    <div class=\"entry-featured\">\n                                <a href=\"https:\/\/grantsofficecan.com\/fr\/global-funding-landscape-fr\/\"><img fetchpriority=\"high\" decoding=\"async\" width=\"600\" height=\"276\" src=\"https:\/\/grantsofficecan.com\/wp-content\/uploads\/2022\/10\/Global-Funding-Analysis-600x276.jpg\" class=\"disable-lazy attachment-consultio-medium\" alt=\"\" \/><\/a>\n                            <\/div>\n                                                <div class=\"entry-body\">\n                            <div class=\"entry-holder\">\n                                                                <h3 class=\"entry-title\"><a href=\"https:\/\/grantsofficecan.com\/fr\/global-funding-landscape-fr\/\">The Global Grant Funding Landscape | 2023-2025<\/a><\/h3>\n                                                            <\/div>\n                        <\/div>\n                    <\/div>\n                <\/div>\n                            <div class=\"grid-item col-xl-12 col-lg-12 col-md-12 col-sm-12 col-12 \">\n                    <div class=\"grid-item-inner \">\n                                                    <div class=\"entry-featured\">\n                                <a href=\"https:\/\/grantsofficecan.com\/fr\/global-cybersecurity-funding-fr\/\"><img decoding=\"async\" width=\"600\" height=\"450\" src=\"https:\/\/grantsofficecan.com\/wp-content\/uploads\/2022\/10\/Man-at-a-compter-600x450.jpeg\" class=\"disable-lazy attachment-consultio-medium\" alt=\"\" \/><\/a>\n                            <\/div>\n                                                <div class=\"entry-body\">\n                            <div class=\"entry-holder\">\n                                                                <h3 class=\"entry-title\"><a href=\"https:\/\/grantsofficecan.com\/fr\/global-cybersecurity-funding-fr\/\">Global Cybersecurity Funding Trends | 2022-2024<\/a><\/h3>\n                                                            <\/div>\n                        <\/div>\n                    <\/div>\n                <\/div>\n                <\/div>\r\n        <\/div>\t\t<\/div>\n\t\t\t\t<\/div>\n\t\t            <\/div>\n        <\/div>\n                <div class=\"elementor-column elementor-col-33 elementor-inner-column elementor-element elementor-element-5fd4bbb\" data-id=\"5fd4bbb\" data-element_type=\"column\">\n            <div class=\"elementor-widget-wrap elementor-element-populated\">\n                        \t\t<div class=\"elementor-element elementor-element-c06fb71 elementor-widget elementor-widget-sidebar\" data-id=\"c06fb71\" data-element_type=\"widget\" data-widget_type=\"sidebar.default\">\n\t\t\t\t<div class=\"elementor-widget-container\">\n\t\t\t<section id=\"text-12\" class=\"widget widget_text\"><div class=\"widget-content\"><h2 class=\"widget-title\">\u00c9v\u00e9nements \u00e0 venir<\/h2>\t\t\t<div class=\"textwidget\"><\/div>\n\t\t<\/div><\/section><section id=\"text-9\" class=\"widget widget_text\"><div class=\"widget-content\">\t\t\t<div class=\"textwidget\"><div class=\"mec-wrap mec-skin-list-container  \" id=\"mec_skin_5592\">\r\n    \r\n    \r\n        <div class=\"mec-skin-list-events-container\" id=\"mec_skin_events_5592\">\r\n        Pas d&#039;\u00e9v\u00e9nement actuellement programm\u00e9.    <\/div>\r\n        \r\n        \r\n<\/div>\n<\/div>\n\t\t<\/div><\/section><section id=\"cs_social_widget-8\" class=\"widget widget_cs_social_widget\"><div class=\"widget-content\"><h2 class=\"widget-title\">Contactez-nous<\/h2><ul class='ct-social'><li><a class=\"social-linkedin\" target=\"_blank\" href=\"https:\/\/www.linkedin.com\/company\/grants-office-canada-llc\/\" rel=\"noopener\"><i class=\"zmdi zmdi-linkedin\"><\/i><\/a><\/li><li><a class=\"social-instagram\" target=\"_blank\" href=\"mailto:canadahelpdesk@grantsoffice.com\"><i class=\"zmdi zmdi-instagram\"><\/i><\/a><\/li><\/ul><\/div><\/section>\t\t<\/div>\n\t\t\t\t<\/div>\n\t\t            <\/div>\n        <\/div>\n                            <\/div>\n        <\/section>\n                    <\/div>\n        <\/div>\n                            <\/div>\n        <\/section>\n                <section class=\"elementor-section elementor-top-section elementor-element elementor-element-d7b849a elementor-section-stretched elementor-section-content-middle elementor-section-boxed elementor-section-height-default elementor-section-height-default ct-header-fixed-none\" data-id=\"d7b849a\" data-element_type=\"section\" data-settings=\"{&quot;stretch_section&quot;:&quot;section-stretched&quot;,&quot;background_background&quot;:&quot;classic&quot;}\">\n            \n                        <div class=\"elementor-container elementor-column-gap-extended \">\n                    <div class=\"elementor-column elementor-col-50 elementor-top-column elementor-element elementor-element-e331068\" data-id=\"e331068\" data-element_type=\"column\">\n            <div class=\"elementor-widget-wrap elementor-element-populated\">\n                        \t\t<div class=\"elementor-element elementor-element-cf6599f elementor-widget elementor-widget-ct_heading\" data-id=\"cf6599f\" data-element_type=\"widget\" data-widget_type=\"ct_heading.default\">\n\t\t\t\t<div class=\"elementor-widget-container\">\n\t\t\t<div class=\"ct-heading h-align-  sub-style1 ct-heading-left item-st-default\">\r\n\t    <h3 class=\"item--title st-default \" data-wow-delay=\"ms\">\r\n                <span class=\"sp-main\">\r\n            \r\n            Free Updates on Grant News across Canada\r\n            \r\n                    <\/span>\r\n            <\/h3>\r\n<\/div>\t\t<\/div>\n\t\t\t\t<\/div>\n\t\t            <\/div>\n        <\/div>\n                <div class=\"elementor-column elementor-col-50 elementor-top-column elementor-element elementor-element-9de64dc\" data-id=\"9de64dc\" data-element_type=\"column\">\n            <div class=\"elementor-widget-wrap elementor-element-populated\">\n                        \t\t<div class=\"elementor-element elementor-element-e145d0b elementor-align-center elementor-widget elementor-widget-ct_button\" data-id=\"e145d0b\" data-element_type=\"widget\" data-widget_type=\"ct_button.default\">\n\t\t\t\t<div class=\"elementor-widget-container\">\n\t\t\t<div class=\"ct-button-wrapper ct-button-layout1 icon- btn--inline \">\r\n            <span class=\"ct-icon-active\"><\/span>\r\n        <a href=\"\/subscribe\" class=\"btn btn-white icon-active btn-block  \" data-wow-delay=\"ms\">\r\n                            <span class=\"ct-button-icon ct-align-icon-\">\r\n                            <\/span>\r\n                <span class=\"ct-button-text\">Subscribe<\/span>\r\n    <\/a>\r\n<\/div>\t\t<\/div>\n\t\t\t\t<\/div>\n\t\t            <\/div>\n        <\/div>\n                            <\/div>\n        <\/section>\n        \t\t\t\t\t<\/div>\n\t\t","protected":false},"excerpt":{"rendered":"<p>The Global Grant Funding Landscape | 2023-2025 Global Cybersecurity Funding Trends | 2022-2024 Free Updates on Grant News across Canada Subscribe<\/p>\n","protected":false},"author":1,"featured_media":0,"parent":0,"menu_order":0,"comment_status":"closed","ping_status":"closed","template":"","meta":{"footnotes":""},"class_list":["post-8648","page","type-page","status-publish","hentry"],"featured_image_src":null,"featured_image_src_square":null,"_links":{"self":[{"href":"https:\/\/grantsofficecan.com\/fr\/wp-json\/wp\/v2\/pages\/8648","targetHints":{"allow":["GET"]}}],"collection":[{"href":"https:\/\/grantsofficecan.com\/fr\/wp-json\/wp\/v2\/pages"}],"about":[{"href":"https:\/\/grantsofficecan.com\/fr\/wp-json\/wp\/v2\/types\/page"}],"author":[{"embeddable":true,"href":"https:\/\/grantsofficecan.com\/fr\/wp-json\/wp\/v2\/users\/1"}],"replies":[{"embeddable":true,"href":"https:\/\/grantsofficecan.com\/fr\/wp-json\/wp\/v2\/comments?post=8648"}],"version-history":[{"count":4,"href":"https:\/\/grantsofficecan.com\/fr\/wp-json\/wp\/v2\/pages\/8648\/revisions"}],"predecessor-version":[{"id":8653,"href":"https:\/\/grantsofficecan.com\/fr\/wp-json\/wp\/v2\/pages\/8648\/revisions\/8653"}],"wp:attachment":[{"href":"https:\/\/grantsofficecan.com\/fr\/wp-json\/wp\/v2\/media?parent=8648"}],"curies":[{"name":"wp","href":"https:\/\/api.w.org\/{rel}","templated":true}]}}