{"id":7590,"date":"2021-11-11T20:50:24","date_gmt":"2021-11-11T20:50:24","guid":{"rendered":"https:\/\/grantsofficecan.com\/?page_id=7590"},"modified":"2025-02-17T14:56:15","modified_gmt":"2025-02-17T14:56:15","slug":"services","status":"publish","type":"page","link":"https:\/\/grantsofficecan.com\/fr\/services\/","title":{"rendered":"Services"},"content":{"rendered":"\t\t<div data-elementor-type=\"wp-page\" data-elementor-id=\"7590\" class=\"elementor elementor-7590 elementor-5627\" data-elementor-post-type=\"page\">\n\t\t\t\t\t\t\t        <section class=\"elementor-section elementor-top-section elementor-element elementor-element-0c703ec elementor-section-stretched elementor-section-boxed elementor-section-height-default elementor-section-height-default ct-header-fixed-none\" data-id=\"0c703ec\" data-element_type=\"section\" data-settings=\"{&quot;stretch_section&quot;:&quot;section-stretched&quot;,&quot;background_background&quot;:&quot;classic&quot;}\">\n            \n                        <div class=\"elementor-container elementor-column-gap-extended \">\n                    <div class=\"elementor-column elementor-col-100 elementor-top-column elementor-element elementor-element-141f2cf\" data-id=\"141f2cf\" data-element_type=\"column\">\n            <div class=\"elementor-widget-wrap elementor-element-populated\">\n                        \t\t<div class=\"elementor-element elementor-element-20f507b elementor-widget elementor-widget-spacer\" data-id=\"20f507b\" data-element_type=\"widget\" data-widget_type=\"spacer.default\">\n\t\t\t\t<div class=\"elementor-widget-container\">\n\t\t\t<style>\/*! elementor - v3.18.0 - 08-12-2023 *\/\n.elementor-column .elementor-spacer-inner{height:var(--spacer-size)}.e-con{--container-widget-width:100%}.e-con-inner>.elementor-widget-spacer,.e-con>.elementor-widget-spacer{width:var(--container-widget-width,var(--spacer-size));--align-self:var(--container-widget-align-self,initial);--flex-shrink:0}.e-con-inner>.elementor-widget-spacer>.elementor-widget-container,.e-con>.elementor-widget-spacer>.elementor-widget-container{height:100%;width:100%}.e-con-inner>.elementor-widget-spacer>.elementor-widget-container>.elementor-spacer,.e-con>.elementor-widget-spacer>.elementor-widget-container>.elementor-spacer{height:100%}.e-con-inner>.elementor-widget-spacer>.elementor-widget-container>.elementor-spacer>.elementor-spacer-inner,.e-con>.elementor-widget-spacer>.elementor-widget-container>.elementor-spacer>.elementor-spacer-inner{height:var(--container-widget-height,var(--spacer-size))}.e-con-inner>.elementor-widget-spacer.elementor-widget-empty,.e-con>.elementor-widget-spacer.elementor-widget-empty{position:relative;min-height:22px;min-width:22px}.e-con-inner>.elementor-widget-spacer.elementor-widget-empty .elementor-widget-empty-icon,.e-con>.elementor-widget-spacer.elementor-widget-empty .elementor-widget-empty-icon{position:absolute;top:0;bottom:0;left:0;right:0;margin:auto;padding:0;width:22px;height:22px}<\/style>\t\t<div class=\"elementor-spacer\">\n\t\t\t<div class=\"elementor-spacer-inner\"><\/div>\n\t\t<\/div>\n\t\t\t\t<\/div>\n\t\t\t\t<\/div>\n\t\t\t\t<div class=\"elementor-element elementor-element-b459e43 elementor-widget elementor-widget-ct_heading\" data-id=\"b459e43\" data-element_type=\"widget\" data-widget_type=\"ct_heading.default\">\n\t\t\t\t<div class=\"elementor-widget-container\">\n\t\t\t<div class=\"ct-heading h-align-center  sub-style1 ct-heading-left item-st-default\">\r\n\t    <h3 class=\"item--title st-default \" data-wow-delay=\"ms\">\r\n                <span class=\"sp-main\">\r\n            \r\n            Les subventions pour votre projet existe. <p> Nous savons exactement o\u00f9 les trouver. \r\n            \r\n                    <\/span>\r\n            <\/h3>\r\n<\/div>\t\t<\/div>\n\t\t\t\t<\/div>\n\t\t\t\t<div class=\"elementor-element elementor-element-7c33dc0 elementor-widget elementor-widget-ct_text_editor\" data-id=\"7c33dc0\" data-element_type=\"widget\" data-widget_type=\"ct_text_editor.default\">\n\t\t\t\t<div class=\"elementor-widget-container\">\n\t\t\t<div id=\"ct_text_editor-7c33dc0\" class=\"ct-text-editor \" data-wow-delay=\"ms\">\n\t<div class=\"ct-inline-css\"  data-css=\"\n        \t\t\">\n\n    <\/div>\n\t<div class=\"ct-text-editor elementor-clearfix\">\n\t\t<p>Chez Grants\u00a0Office, nous fournissons un service complet de recherche, de r\u00e9daction, de consultation et d\u2019administration de subventions; notre \u00e9quipe est l\u00e0 pour aider votre organisme \u00e0 mettre toutes les chances de son c\u00f4t\u00e9 pour obtenir les subventions demand\u00e9es pour ses projets. Au cours des 25 derni\u00e8res ann\u00e9es, nous avons \u00e9labor\u00e9 et am\u00e9lior\u00e9 nos produits livrables tout en soutenant nos clients. Nous serions ravis de discuter avec vous de la mani\u00e8re d\u2019adapter ces outils aux besoins de votre organisme.<\/p>\t\t\n\t<\/div>\n<\/div>\t\t<\/div>\n\t\t\t\t<\/div>\n\t\t\t\t<div class=\"elementor-element elementor-element-e5ede6e elementor-align-center elementor-widget elementor-widget-ct_button\" data-id=\"e5ede6e\" data-element_type=\"widget\" data-widget_type=\"ct_button.default\">\n\t\t\t\t<div class=\"elementor-widget-container\">\n\t\t\t<div class=\"ct-button-wrapper ct-button-layout1 icon- btn--inline \">\r\n            <span class=\"ct-icon-active\"><\/span>\r\n        <a href=\"\/fr\/nous-joindre\" class=\"btn btn-primary hover-white icon-active btn-inline-block  \" data-wow-delay=\"ms\">\r\n                            <span class=\"ct-button-icon ct-align-icon-\">\r\n                            <\/span>\r\n                <span class=\"ct-button-text\">Collaborer avec nous<\/span>\r\n    <\/a>\r\n<\/div>\t\t<\/div>\n\t\t\t\t<\/div>\n\t\t\t\t<div class=\"elementor-element elementor-element-6ae2f5c elementor-widget elementor-widget-spacer\" data-id=\"6ae2f5c\" data-element_type=\"widget\" data-widget_type=\"spacer.default\">\n\t\t\t\t<div class=\"elementor-widget-container\">\n\t\t\t\t\t<div class=\"elementor-spacer\">\n\t\t\t<div class=\"elementor-spacer-inner\"><\/div>\n\t\t<\/div>\n\t\t\t\t<\/div>\n\t\t\t\t<\/div>\n\t\t\t\t<div class=\"elementor-element elementor-element-f96b3f3 elementor-widget elementor-widget-text-editor\" data-id=\"f96b3f3\" data-element_type=\"widget\" data-widget_type=\"text-editor.default\">\n\t\t\t\t<div class=\"elementor-widget-container\">\n\t\t\t<style>\/*! elementor - v3.18.0 - 08-12-2023 *\/\n.elementor-widget-text-editor.elementor-drop-cap-view-stacked .elementor-drop-cap{background-color:#69727d;color:#fff}.elementor-widget-text-editor.elementor-drop-cap-view-framed .elementor-drop-cap{color:#69727d;border:3px solid;background-color:transparent}.elementor-widget-text-editor:not(.elementor-drop-cap-view-default) .elementor-drop-cap{margin-top:8px}.elementor-widget-text-editor:not(.elementor-drop-cap-view-default) .elementor-drop-cap-letter{width:1em;height:1em}.elementor-widget-text-editor .elementor-drop-cap{float:left;text-align:center;line-height:1;font-size:50px}.elementor-widget-text-editor .elementor-drop-cap-letter{display:inline-block}<\/style>\t\t\t\t\t\t\t\t\t\t<\/div>\n\t\t\t\t<\/div>\n\t\t            <\/div>\n        <\/div>\n                            <\/div>\n        <\/section>\n                <section class=\"elementor-section elementor-top-section elementor-element elementor-element-260bf8f elementor-section-stretched elementor-section-boxed elementor-section-height-default elementor-section-height-default ct-header-fixed-none\" data-id=\"260bf8f\" data-element_type=\"section\" data-settings=\"{&quot;stretch_section&quot;:&quot;section-stretched&quot;,&quot;background_background&quot;:&quot;classic&quot;}\">\n            \n                        <div class=\"elementor-container elementor-column-gap-extended \">\n                    <div class=\"elementor-column elementor-col-100 elementor-top-column elementor-element elementor-element-3ea80bc\" data-id=\"3ea80bc\" data-element_type=\"column\">\n            <div class=\"elementor-widget-wrap elementor-element-populated\">\n                                <section class=\"elementor-section elementor-inner-section elementor-element elementor-element-8340f93 elementor-section-content-middle elementor-section-boxed elementor-section-height-default elementor-section-height-default ct-header-fixed-none\" data-id=\"8340f93\" data-element_type=\"section\">\n            \n                        <div class=\"elementor-container elementor-column-gap-default \">\n                    <div class=\"elementor-column elementor-col-50 elementor-inner-column elementor-element elementor-element-5fd4bbb\" data-id=\"5fd4bbb\" data-element_type=\"column\">\n            <div class=\"elementor-widget-wrap elementor-element-populated\">\n                        \t\t<div class=\"elementor-element elementor-element-dce33cc elementor-widget elementor-widget-text-editor\" data-id=\"dce33cc\" data-element_type=\"widget\" data-widget_type=\"text-editor.default\">\n\t\t\t\t<div class=\"elementor-widget-container\">\n\t\t\t\t\t\t\t<p><img fetchpriority=\"high\" decoding=\"async\" class=\"aligncenter size-full wp-image-6365\" src=\"https:\/\/grantsofficecan.com\/wp-content\/uploads\/2021\/11\/service-one-scaled.jpg\" alt=\"\" width=\"2560\" height=\"1878\" srcset=\"https:\/\/grantsofficecan.com\/wp-content\/uploads\/2021\/11\/service-one-scaled.jpg 2560w, https:\/\/grantsofficecan.com\/wp-content\/uploads\/2021\/11\/service-one-300x220.jpg 300w, https:\/\/grantsofficecan.com\/wp-content\/uploads\/2021\/11\/service-one-1024x751.jpg 1024w, https:\/\/grantsofficecan.com\/wp-content\/uploads\/2021\/11\/service-one-768x563.jpg 768w, https:\/\/grantsofficecan.com\/wp-content\/uploads\/2021\/11\/service-one-1536x1127.jpg 1536w, https:\/\/grantsofficecan.com\/wp-content\/uploads\/2021\/11\/service-one-2048x1502.jpg 2048w, https:\/\/grantsofficecan.com\/wp-content\/uploads\/2021\/11\/service-one-600x440.jpg 600w\" sizes=\"(max-width: 2560px) 100vw, 2560px\" \/><\/p>\t\t\t\t\t\t<\/div>\n\t\t\t\t<\/div>\n\t\t            <\/div>\n        <\/div>\n                <div class=\"elementor-column elementor-col-50 elementor-inner-column elementor-element elementor-element-c3aa84f\" data-id=\"c3aa84f\" data-element_type=\"column\">\n            <div class=\"elementor-widget-wrap elementor-element-populated\">\n                        \t\t<div class=\"elementor-element elementor-element-8c81820 elementor-widget elementor-widget-text-editor\" data-id=\"8c81820\" data-element_type=\"widget\" data-widget_type=\"text-editor.default\">\n\t\t\t\t<div class=\"elementor-widget-container\">\n\t\t\t\t\t\t\t<h5>Recherche et consultation<\/h5>\nTravaillez avec des experts qui comprennent l\u2019ensemble du paysage de financement qui s\u2019offre \u00e0 votre organisme. Notre personnel peut vous aider \u00e0 d\u00e9terminer les subventions les mieux adapt\u00e9es \u00e0 vos projets, et vous fournir une liste personnalis\u00e9e des prochaines \u00e9tapes pour vous pr\u00e9parer au d\u00e9p\u00f4t d\u2019une demande de subvention.<p>\n<h5>R\u00e9daction d\u2019une demande de subvention<\/h5>\nCommencez votre prochaine demande de subvention du bon pied. Notre personnel peut vous aider concr\u00e8tement \u00e0 cr\u00e9er une proposition concurrentielle et int\u00e9ressante qui respecte toutes les exigences de soumission.\t\t\t\t\t\t<\/div>\n\t\t\t\t<\/div>\n\t\t            <\/div>\n        <\/div>\n                            <\/div>\n        <\/section>\n                <section class=\"elementor-section elementor-inner-section elementor-element elementor-element-082af8a elementor-section-content-middle elementor-section-boxed elementor-section-height-default elementor-section-height-default ct-header-fixed-none\" data-id=\"082af8a\" data-element_type=\"section\">\n            \n                        <div class=\"elementor-container elementor-column-gap-default \">\n                    <div class=\"elementor-column elementor-col-50 elementor-inner-column elementor-element elementor-element-ffbda2f\" data-id=\"ffbda2f\" data-element_type=\"column\">\n            <div class=\"elementor-widget-wrap elementor-element-populated\">\n                        \t\t<div class=\"elementor-element elementor-element-4bc8957 elementor-widget elementor-widget-text-editor\" data-id=\"4bc8957\" data-element_type=\"widget\" data-widget_type=\"text-editor.default\">\n\t\t\t\t<div class=\"elementor-widget-container\">\n\t\t\t\t\t\t\t<h5>Analyse de la demande de subvention<\/h5>\nNous vous donnerons des commentaires d\u00e9taill\u00e9s sur les documents de demande \u00e9labor\u00e9s par votre organisme. Notre personnel peut examiner le contenu de votre demande pour s\u2019assurer qu\u2019elle est compl\u00e8te et qu\u2019elle se lit bien, tout en veillant \u00e0 ce qu\u2019elle soit conforme \u00e0 toutes les exigences de soumission.<p>\n<h5>Gestion du projet<\/h5>\nLaissez-nous nous occuper de tous vos documents. Notre personnel peut collaborer avec vous pour recueillir des donn\u00e9es et soumettre tous les rapports requis par l\u2019organisme de financement apr\u00e8s l\u2019attribution de votre subvention.\t\t\t\t\t\t<\/div>\n\t\t\t\t<\/div>\n\t\t            <\/div>\n        <\/div>\n                <div class=\"elementor-column elementor-col-50 elementor-inner-column elementor-element elementor-element-413517e\" data-id=\"413517e\" data-element_type=\"column\">\n            <div class=\"elementor-widget-wrap elementor-element-populated\">\n                        \t\t<div class=\"elementor-element elementor-element-557594b elementor-widget elementor-widget-text-editor\" data-id=\"557594b\" data-element_type=\"widget\" data-widget_type=\"text-editor.default\">\n\t\t\t\t<div class=\"elementor-widget-container\">\n\t\t\t\t\t\t\t<p><img decoding=\"async\" class=\"aligncenter size-full wp-image-6089\" src=\"https:\/\/grantsofficecan.com\/wp-content\/uploads\/2021\/11\/service.jpg\" alt=\"\" width=\"1200\" height=\"1100\" srcset=\"https:\/\/grantsofficecan.com\/wp-content\/uploads\/2021\/11\/service.jpg 1200w, https:\/\/grantsofficecan.com\/wp-content\/uploads\/2021\/11\/service-300x275.jpg 300w, https:\/\/grantsofficecan.com\/wp-content\/uploads\/2021\/11\/service-1024x939.jpg 1024w, https:\/\/grantsofficecan.com\/wp-content\/uploads\/2021\/11\/service-768x704.jpg 768w, https:\/\/grantsofficecan.com\/wp-content\/uploads\/2021\/11\/service-600x550.jpg 600w\" sizes=\"(max-width: 1200px) 100vw, 1200px\" \/><\/p>\t\t\t\t\t\t<\/div>\n\t\t\t\t<\/div>\n\t\t            <\/div>\n        <\/div>\n                            <\/div>\n        <\/section>\n        \t\t<div class=\"elementor-element elementor-element-a7798e2 elementor-widget elementor-widget-text-editor\" data-id=\"a7798e2\" data-element_type=\"widget\" data-widget_type=\"text-editor.default\">\n\t\t\t\t<div class=\"elementor-widget-container\">\n\t\t\t\t\t\t\t<h5>Souhaitez-vous nous confier la gestion \u00e0 long terme de vos projets de subvention?<\/h5><p>L\u2019abonnement annuel au soutien en mati\u00e8re de subventions vous donnera un acc\u00e8s illimit\u00e9 aux ressources d\u2019experts pour permettre \u00e0 votre organisme de trouver et de demander des subventions pertinentes et accessibles, le tout en temps opportun.<\/p>\t\t\t\t\t\t<\/div>\n\t\t\t\t<\/div>\n\t\t        <section class=\"elementor-section elementor-inner-section elementor-element elementor-element-3a02e72 elementor-section-boxed elementor-section-height-default elementor-section-height-default ct-header-fixed-none\" data-id=\"3a02e72\" data-element_type=\"section\">\n            \n                        <div class=\"elementor-container elementor-column-gap-default \">\n                    <div class=\"elementor-column elementor-col-100 elementor-inner-column elementor-element elementor-element-0390302\" data-id=\"0390302\" data-element_type=\"column\">\n            <div class=\"elementor-widget-wrap\">\n                                    <\/div>\n        <\/div>\n                            <\/div>\n        <\/section>\n                    <\/div>\n        <\/div>\n                            <\/div>\n        <\/section>\n                <section class=\"elementor-section elementor-top-section elementor-element elementor-element-d7b849a elementor-section-stretched elementor-section-content-middle elementor-section-boxed elementor-section-height-default elementor-section-height-default ct-header-fixed-none\" data-id=\"d7b849a\" data-element_type=\"section\" data-settings=\"{&quot;stretch_section&quot;:&quot;section-stretched&quot;,&quot;background_background&quot;:&quot;classic&quot;}\">\n            \n                        <div class=\"elementor-container elementor-column-gap-extended \">\n                    <div class=\"elementor-column elementor-col-50 elementor-top-column elementor-element elementor-element-e331068\" data-id=\"e331068\" data-element_type=\"column\">\n            <div class=\"elementor-widget-wrap elementor-element-populated\">\n                        \t\t<div class=\"elementor-element elementor-element-cf6599f elementor-widget elementor-widget-ct_heading\" data-id=\"cf6599f\" data-element_type=\"widget\" data-widget_type=\"ct_heading.default\">\n\t\t\t\t<div class=\"elementor-widget-container\">\n\t\t\t<div class=\"ct-heading h-align-  sub-style1 ct-heading-left item-st-default\">\r\n\t    <h3 class=\"item--title st-default \" data-wow-delay=\"ms\">\r\n                <span class=\"sp-main\">\r\n            \r\n            Actualit\u00e9 sur les subventions au Canada\r\n            \r\n                    <\/span>\r\n            <\/h3>\r\n<\/div>\t\t<\/div>\n\t\t\t\t<\/div>\n\t\t            <\/div>\n        <\/div>\n                <div class=\"elementor-column elementor-col-50 elementor-top-column elementor-element elementor-element-9de64dc\" data-id=\"9de64dc\" data-element_type=\"column\">\n            <div class=\"elementor-widget-wrap elementor-element-populated\">\n                        \t\t<div class=\"elementor-element elementor-element-83c8085 elementor-align-center elementor-widget elementor-widget-ct_button\" data-id=\"83c8085\" data-element_type=\"widget\" data-widget_type=\"ct_button.default\">\n\t\t\t\t<div class=\"elementor-widget-container\">\n\t\t\t<div class=\"ct-button-wrapper ct-button-layout1 icon- btn--inline \">\r\n            <span class=\"ct-icon-active\"><\/span>\r\n        <a href=\"\/fr\/sabonner\" class=\"btn btn-white icon-active btn-block  \" data-wow-delay=\"ms\">\r\n                            <span class=\"ct-button-icon ct-align-icon-\">\r\n                            <\/span>\r\n                <span class=\"ct-button-text\">S\u2019abonner<\/span>\r\n    <\/a>\r\n<\/div>\t\t<\/div>\n\t\t\t\t<\/div>\n\t\t            <\/div>\n        <\/div>\n                            <\/div>\n        <\/section>\n        \t\t\t\t\t<\/div>\n\t\t","protected":false},"excerpt":{"rendered":"<p>Les subventions pour votre projet existe. Nous savons exactement o\u00f9 les trouver. Chez Grants\u00a0Office, nous fournissons un service complet de recherche, de r\u00e9daction, de consultation et d\u2019administration de subventions; notre \u00e9quipe est l\u00e0 pour aider votre organisme \u00e0 mettre toutes les chances de son c\u00f4t\u00e9 pour obtenir les subventions demand\u00e9es pour ses projets. Au cours [&hellip;]<\/p>\n","protected":false},"author":3,"featured_media":0,"parent":0,"menu_order":0,"comment_status":"closed","ping_status":"closed","template":"","meta":{"footnotes":""},"class_list":["post-7590","page","type-page","status-publish","hentry"],"featured_image_src":null,"featured_image_src_square":null,"_links":{"self":[{"href":"https:\/\/grantsofficecan.com\/fr\/wp-json\/wp\/v2\/pages\/7590","targetHints":{"allow":["GET"]}}],"collection":[{"href":"https:\/\/grantsofficecan.com\/fr\/wp-json\/wp\/v2\/pages"}],"about":[{"href":"https:\/\/grantsofficecan.com\/fr\/wp-json\/wp\/v2\/types\/page"}],"author":[{"embeddable":true,"href":"https:\/\/grantsofficecan.com\/fr\/wp-json\/wp\/v2\/users\/3"}],"replies":[{"embeddable":true,"href":"https:\/\/grantsofficecan.com\/fr\/wp-json\/wp\/v2\/comments?post=7590"}],"version-history":[{"count":27,"href":"https:\/\/grantsofficecan.com\/fr\/wp-json\/wp\/v2\/pages\/7590\/revisions"}],"predecessor-version":[{"id":9220,"href":"https:\/\/grantsofficecan.com\/fr\/wp-json\/wp\/v2\/pages\/7590\/revisions\/9220"}],"wp:attachment":[{"href":"https:\/\/grantsofficecan.com\/fr\/wp-json\/wp\/v2\/media?parent=7590"}],"curies":[{"name":"wp","href":"https:\/\/api.w.org\/{rel}","templated":true}]}}