{"id":7563,"date":"2021-11-11T19:24:03","date_gmt":"2021-11-11T19:24:03","guid":{"rendered":"https:\/\/grantsofficecan.com\/?page_id=7563"},"modified":"2022-02-28T01:06:39","modified_gmt":"2022-02-28T01:06:39","slug":"appel-aux-redacteurs","status":"publish","type":"page","link":"https:\/\/grantsofficecan.com\/fr\/appel-aux-redacteurs\/","title":{"rendered":"Appel aux r\u00e9dacteurs"},"content":{"rendered":"\t\t<div data-elementor-type=\"wp-page\" data-elementor-id=\"7563\" class=\"elementor elementor-7563 elementor-5602\" data-elementor-post-type=\"page\">\n\t\t\t\t\t\t\t        <section class=\"elementor-section elementor-top-section elementor-element elementor-element-260bf8f elementor-section-stretched elementor-section-boxed elementor-section-height-default elementor-section-height-default ct-header-fixed-none\" data-id=\"260bf8f\" data-element_type=\"section\" data-settings=\"{&quot;stretch_section&quot;:&quot;section-stretched&quot;,&quot;background_background&quot;:&quot;classic&quot;}\">\n            \n                        <div class=\"elementor-container elementor-column-gap-extended \">\n                    <div class=\"elementor-column elementor-col-100 elementor-top-column elementor-element elementor-element-3ea80bc\" data-id=\"3ea80bc\" data-element_type=\"column\">\n            <div class=\"elementor-widget-wrap elementor-element-populated\">\n                        \t\t<div class=\"elementor-element elementor-element-5887003 elementor-widget elementor-widget-spacer\" data-id=\"5887003\" data-element_type=\"widget\" data-widget_type=\"spacer.default\">\n\t\t\t\t<div class=\"elementor-widget-container\">\n\t\t\t<style>\/*! elementor - v3.18.0 - 08-12-2023 *\/\n.elementor-column .elementor-spacer-inner{height:var(--spacer-size)}.e-con{--container-widget-width:100%}.e-con-inner>.elementor-widget-spacer,.e-con>.elementor-widget-spacer{width:var(--container-widget-width,var(--spacer-size));--align-self:var(--container-widget-align-self,initial);--flex-shrink:0}.e-con-inner>.elementor-widget-spacer>.elementor-widget-container,.e-con>.elementor-widget-spacer>.elementor-widget-container{height:100%;width:100%}.e-con-inner>.elementor-widget-spacer>.elementor-widget-container>.elementor-spacer,.e-con>.elementor-widget-spacer>.elementor-widget-container>.elementor-spacer{height:100%}.e-con-inner>.elementor-widget-spacer>.elementor-widget-container>.elementor-spacer>.elementor-spacer-inner,.e-con>.elementor-widget-spacer>.elementor-widget-container>.elementor-spacer>.elementor-spacer-inner{height:var(--container-widget-height,var(--spacer-size))}.e-con-inner>.elementor-widget-spacer.elementor-widget-empty,.e-con>.elementor-widget-spacer.elementor-widget-empty{position:relative;min-height:22px;min-width:22px}.e-con-inner>.elementor-widget-spacer.elementor-widget-empty .elementor-widget-empty-icon,.e-con>.elementor-widget-spacer.elementor-widget-empty .elementor-widget-empty-icon{position:absolute;top:0;bottom:0;left:0;right:0;margin:auto;padding:0;width:22px;height:22px}<\/style>\t\t<div class=\"elementor-spacer\">\n\t\t\t<div class=\"elementor-spacer-inner\"><\/div>\n\t\t<\/div>\n\t\t\t\t<\/div>\n\t\t\t\t<\/div>\n\t\t        <section class=\"elementor-section elementor-inner-section elementor-element elementor-element-8340f93 elementor-section-boxed elementor-section-height-default elementor-section-height-default ct-header-fixed-none\" data-id=\"8340f93\" data-element_type=\"section\">\n            \n                        <div class=\"elementor-container elementor-column-gap-default \">\n                    <div class=\"elementor-column elementor-col-66 elementor-inner-column elementor-element elementor-element-c3aa84f\" data-id=\"c3aa84f\" data-element_type=\"column\">\n            <div class=\"elementor-widget-wrap elementor-element-populated\">\n                        \t\t<div class=\"elementor-element elementor-element-070e2e8 elementor-widget elementor-widget-text-editor\" data-id=\"070e2e8\" data-element_type=\"widget\" data-widget_type=\"text-editor.default\">\n\t\t\t\t<div class=\"elementor-widget-container\">\n\t\t\t<style>\/*! elementor - v3.18.0 - 08-12-2023 *\/\n.elementor-widget-text-editor.elementor-drop-cap-view-stacked .elementor-drop-cap{background-color:#69727d;color:#fff}.elementor-widget-text-editor.elementor-drop-cap-view-framed .elementor-drop-cap{color:#69727d;border:3px solid;background-color:transparent}.elementor-widget-text-editor:not(.elementor-drop-cap-view-default) .elementor-drop-cap{margin-top:8px}.elementor-widget-text-editor:not(.elementor-drop-cap-view-default) .elementor-drop-cap-letter{width:1em;height:1em}.elementor-widget-text-editor .elementor-drop-cap{float:left;text-align:center;line-height:1;font-size:50px}.elementor-widget-text-editor .elementor-drop-cap-letter{display:inline-block}<\/style>\t\t\t\t<p>Avez-vous de l\u2019exp\u00e9rience dans la r\u00e9daction de demandes de subvention pour des organismes du secteur public ou priv\u00e9 \u00e0 travers le Canada? Votre langue maternelle est-elle le fran\u00e7ais ou l\u2019anglais?\u00a0<\/p><p>Chez Grants\u00a0Office, nous fournissons un service complet de strat\u00e9gie pour les projets de subventions des gouvernements, des \u00e9tablissements d\u2019enseignement, des organisations \u00e0 but non lucratif, des prestataires de soins de sant\u00e9 et des entreprises \u00e0 but lucratif. Notre approche d\u2019\u00e9laboration de propositions est bas\u00e9e sur la collaboration et la communication ouverte. Notre objectif est de r\u00e9duire les risques, ainsi que le temps et les ressources investis dans les demandes de financement par subvention de nos clients.<\/p><p>Les r\u00e9dacteurs de Grants\u00a0Office travaillent directement avec les clients pour les aider \u00e0 mettre au point tous les \u00e9l\u00e9ments du projet et \u00e0 pr\u00e9parer le d\u00e9p\u00f4t d\u2019une proposition concurrentielle et de qualit\u00e9 sup\u00e9rieure.<\/p>\t\t\t\t\t\t<\/div>\n\t\t\t\t<\/div>\n\t\t\t\t<div class=\"elementor-element elementor-element-8c81820 elementor-widget elementor-widget-text-editor\" data-id=\"8c81820\" data-element_type=\"widget\" data-widget_type=\"text-editor.default\">\n\t\t\t\t<div class=\"elementor-widget-container\">\n\t\t\t\t\t\t\t<p><img fetchpriority=\"high\" decoding=\"async\" class=\"aligncenter wp-image-6037 size-full\" src=\"https:\/\/grantsofficecan.com\/wp-content\/uploads\/2021\/11\/Call-for-Writers-scaled.jpg\" alt=\"\" width=\"2560\" height=\"1700\" srcset=\"https:\/\/grantsofficecan.com\/wp-content\/uploads\/2021\/11\/Call-for-Writers-scaled.jpg 2560w, https:\/\/grantsofficecan.com\/wp-content\/uploads\/2021\/11\/Call-for-Writers-300x199.jpg 300w, https:\/\/grantsofficecan.com\/wp-content\/uploads\/2021\/11\/Call-for-Writers-1024x680.jpg 1024w, https:\/\/grantsofficecan.com\/wp-content\/uploads\/2021\/11\/Call-for-Writers-768x510.jpg 768w, https:\/\/grantsofficecan.com\/wp-content\/uploads\/2021\/11\/Call-for-Writers-391x260.jpg 391w, https:\/\/grantsofficecan.com\/wp-content\/uploads\/2021\/11\/Call-for-Writers-1536x1020.jpg 1536w, https:\/\/grantsofficecan.com\/wp-content\/uploads\/2021\/11\/Call-for-Writers-2048x1360.jpg 2048w, https:\/\/grantsofficecan.com\/wp-content\/uploads\/2021\/11\/Call-for-Writers-600x399.jpg 600w\" sizes=\"(max-width: 2560px) 100vw, 2560px\" \/><\/p>\t\t\t\t\t\t<\/div>\n\t\t\t\t<\/div>\n\t\t\t\t<div class=\"elementor-element elementor-element-01d9188 elementor-widget elementor-widget-text-editor\" data-id=\"01d9188\" data-element_type=\"widget\" data-widget_type=\"text-editor.default\">\n\t\t\t\t<div class=\"elementor-widget-container\">\n\t\t\t\t\t\t\t<p><strong>Nous recherchons toujours de nouveaux r\u00e9dacteurs!<\/strong> Joignez-vous \u00e0 notre \u00e9quipe d\u00e8s aujourd\u2019hui en nous envoyant ce qui suit :<\/p><p>\u00a0<\/p>\t\t\t\t\t\t<\/div>\n\t\t\t\t<\/div>\n\t\t\t\t<div class=\"elementor-element elementor-element-46dd76d elementor-widget elementor-widget-ct_list\" data-id=\"46dd76d\" data-element_type=\"widget\" data-widget_type=\"ct_list.default\">\n\t\t\t\t<div class=\"elementor-widget-container\">\n\t\t\t    <div class=\"ct-list style1 \">\r\n                    <div class=\"ct-list-item \" data-wow-delay=\"ms\">\r\n            \t<div class=\"ct-list-icon\"><i class=\"fac fac-check-circle\"><\/i><\/div>\r\n            \t<div class=\"ct-list-meta\">\r\n\t            \t<div class=\"ct-list-desc\">\r\n\t            \t\tVotre CV\t            \t<\/div>\r\n                    \t            <\/div>\r\n           <\/div>\r\n                    <div class=\"ct-list-item \" data-wow-delay=\"ms\">\r\n            \t<div class=\"ct-list-icon\"><i class=\"fac fac-check-circle\"><\/i><\/div>\r\n            \t<div class=\"ct-list-meta\">\r\n\t            \t<div class=\"ct-list-desc\">\r\n\t            \t\tUne liste des agences nationales ou r\u00e9gionales auxquelles vous avez soumis des demandes de subventions\t            \t<\/div>\r\n                    \t            <\/div>\r\n           <\/div>\r\n                    <div class=\"ct-list-item \" data-wow-delay=\"ms\">\r\n            \t<div class=\"ct-list-icon\"><i class=\"fac fac-check-circle\"><\/i><\/div>\r\n            \t<div class=\"ct-list-meta\">\r\n\t            \t<div class=\"ct-list-desc\">\r\n\t            \t\tUne liste des programmes de subventions pour lesquels vous avez \u00e9valu\u00e9 des propositions, le cas \u00e9ch\u00e9ant\t            \t<\/div>\r\n                    \t            <\/div>\r\n           <\/div>\r\n                    <div class=\"ct-list-item \" data-wow-delay=\"ms\">\r\n            \t<div class=\"ct-list-icon\"><i class=\"fac fac-check-circle\"><\/i><\/div>\r\n            \t<div class=\"ct-list-meta\">\r\n\t            \t<div class=\"ct-list-desc\">\r\n\t            \t\tDeux \u00e9chantillons (de pr\u00e9f\u00e9rence des textes d\u00e9crivant des projets pour lesquels le financement demand\u00e9 a \u00e9t\u00e9 obtenu)\t            \t<\/div>\r\n                    \t            <\/div>\r\n           <\/div>\r\n            <\/div>\r\n\t\t<\/div>\n\t\t\t\t<\/div>\n\t\t\t\t<div class=\"elementor-element elementor-element-b61d68b elementor-widget elementor-widget-spacer\" data-id=\"b61d68b\" data-element_type=\"widget\" data-widget_type=\"spacer.default\">\n\t\t\t\t<div class=\"elementor-widget-container\">\n\t\t\t\t\t<div class=\"elementor-spacer\">\n\t\t\t<div class=\"elementor-spacer-inner\"><\/div>\n\t\t<\/div>\n\t\t\t\t<\/div>\n\t\t\t\t<\/div>\n\t\t\t\t<div class=\"elementor-element elementor-element-0ca7938 elementor-widget elementor-widget-text-editor\" data-id=\"0ca7938\" data-element_type=\"widget\" data-widget_type=\"text-editor.default\">\n\t\t\t\t<div class=\"elementor-widget-container\">\n\t\t\t\t\t\t\t\t\t\t\t\t\t<\/div>\n\t\t\t\t<\/div>\n\t\t\t\t<div class=\"elementor-element elementor-element-6dd8220 elementor-widget elementor-widget-text-editor\" data-id=\"6dd8220\" data-element_type=\"widget\" data-widget_type=\"text-editor.default\">\n\t\t\t\t<div class=\"elementor-widget-container\">\n\t\t\t\t\t\t\t<strong>Remarque\u00a0: Les r\u00e9dacteurs de demandes de subventions sont engag\u00e9s en fonction des besoins, projet par projet. La charge de travail peut varier en fonction de la saison et de la demande des clients.<\/strong>\t\t\t\t\t\t<\/div>\n\t\t\t\t<\/div>\n\t\t            <\/div>\n        <\/div>\n                <div class=\"elementor-column elementor-col-33 elementor-inner-column elementor-element elementor-element-5fd4bbb\" data-id=\"5fd4bbb\" data-element_type=\"column\">\n            <div class=\"elementor-widget-wrap elementor-element-populated\">\n                        \t\t<div class=\"elementor-element elementor-element-07edc9f elementor-widget elementor-widget-sidebar\" data-id=\"07edc9f\" data-element_type=\"widget\" data-widget_type=\"sidebar.default\">\n\t\t\t\t<div class=\"elementor-widget-container\">\n\t\t\t<div id=\"text-10\" class=\"widget widget_text\"><h4 class=\"widget-title\">\u00c9v\u00e9nements \u00e0 venir<\/h4>\t\t\t<div class=\"textwidget\"><\/div>\n\t\t<\/div><div id=\"text-7\" class=\"widget widget_text\">\t\t\t<div class=\"textwidget\"><div class=\"mec-wrap mec-skin-list-container  \" id=\"mec_skin_5592\">\r\n    \r\n    \r\n        <div class=\"mec-skin-list-events-container\" id=\"mec_skin_events_5592\">\r\n        Pas d&#039;\u00e9v\u00e9nement actuellement programm\u00e9.    <\/div>\r\n        \r\n        \r\n<\/div>\n<\/div>\n\t\t<\/div><div id=\"cs_social_widget-6\" class=\"widget widget_cs_social_widget\"><h4 class=\"widget-title\">Contactez-nous<\/h4><ul class='ct-social'><li><a class=\"social-linkedin\" target=\"_blank\" href=\"https:\/\/www.linkedin.com\/company\/grants-office-canada-llc\" rel=\"noopener\"><i class=\"zmdi zmdi-linkedin\"><\/i><\/a><\/li><li><a class=\"social-bloglovin\" target=\"_blank\" href=\"mailto:CanadaHelpdesk@grantsoffice.com\"><i class=\"zmdi zmdi-blogger\"><\/i><\/a><\/li><\/ul><\/div>\t\t<\/div>\n\t\t\t\t<\/div>\n\t\t            <\/div>\n        <\/div>\n                            <\/div>\n        <\/section>\n                    <\/div>\n        <\/div>\n                            <\/div>\n        <\/section>\n                <section class=\"elementor-section elementor-top-section elementor-element elementor-element-d7b849a elementor-section-stretched elementor-section-content-middle elementor-section-boxed elementor-section-height-default elementor-section-height-default ct-header-fixed-none\" data-id=\"d7b849a\" data-element_type=\"section\" data-settings=\"{&quot;stretch_section&quot;:&quot;section-stretched&quot;,&quot;background_background&quot;:&quot;classic&quot;}\">\n            \n                        <div class=\"elementor-container elementor-column-gap-extended \">\n                    <div class=\"elementor-column elementor-col-50 elementor-top-column elementor-element elementor-element-e331068\" data-id=\"e331068\" data-element_type=\"column\">\n            <div class=\"elementor-widget-wrap elementor-element-populated\">\n                        \t\t<div class=\"elementor-element elementor-element-cf6599f elementor-widget elementor-widget-ct_heading\" data-id=\"cf6599f\" data-element_type=\"widget\" data-widget_type=\"ct_heading.default\">\n\t\t\t\t<div class=\"elementor-widget-container\">\n\t\t\t<div class=\"ct-heading h-align-  sub-style1 ct-heading-left item-st-default\">\r\n\t    <h3 class=\"item--title st-default \" data-wow-delay=\"ms\">\r\n                <span class=\"sp-main\">\r\n            \r\n            Actualit\u00e9 sur les subventions au Canada\r\n            \r\n                    <\/span>\r\n            <\/h3>\r\n<\/div>\t\t<\/div>\n\t\t\t\t<\/div>\n\t\t            <\/div>\n        <\/div>\n                <div class=\"elementor-column elementor-col-50 elementor-top-column elementor-element elementor-element-9de64dc\" data-id=\"9de64dc\" data-element_type=\"column\">\n            <div class=\"elementor-widget-wrap elementor-element-populated\">\n                        \t\t<div class=\"elementor-element elementor-element-e145d0b elementor-align-center elementor-widget elementor-widget-ct_button\" data-id=\"e145d0b\" data-element_type=\"widget\" data-widget_type=\"ct_button.default\">\n\t\t\t\t<div class=\"elementor-widget-container\">\n\t\t\t<div class=\"ct-button-wrapper ct-button-layout1 icon- btn--inline \">\r\n            <span class=\"ct-icon-active\"><\/span>\r\n        <a href=\"\/fr\/sabonner\" class=\"btn btn-white icon-active btn-block  \" data-wow-delay=\"ms\">\r\n                            <span class=\"ct-button-icon ct-align-icon-\">\r\n                            <\/span>\r\n                <span class=\"ct-button-text\">S\u2019abonner<\/span>\r\n    <\/a>\r\n<\/div>\t\t<\/div>\n\t\t\t\t<\/div>\n\t\t            <\/div>\n        <\/div>\n                            <\/div>\n        <\/section>\n        \t\t\t\t\t<\/div>\n\t\t","protected":false},"excerpt":{"rendered":"<p>Avez-vous de l\u2019exp\u00e9rience dans la r\u00e9daction de demandes de subvention pour des organismes du secteur public ou priv\u00e9 \u00e0 travers le Canada? Votre langue maternelle est-elle le fran\u00e7ais ou l\u2019anglais? Chez Grants\u00a0Office, nous fournissons un service complet de strat\u00e9gie pour les projets de subventions des gouvernements, des \u00e9tablissements d\u2019enseignement, des organisations \u00e0 but non lucratif, [&hellip;]<\/p>\n","protected":false},"author":3,"featured_media":0,"parent":0,"menu_order":0,"comment_status":"closed","ping_status":"closed","template":"","meta":{"footnotes":""},"class_list":["post-7563","page","type-page","status-publish","hentry"],"featured_image_src":null,"featured_image_src_square":null,"_links":{"self":[{"href":"https:\/\/grantsofficecan.com\/fr\/wp-json\/wp\/v2\/pages\/7563","targetHints":{"allow":["GET"]}}],"collection":[{"href":"https:\/\/grantsofficecan.com\/fr\/wp-json\/wp\/v2\/pages"}],"about":[{"href":"https:\/\/grantsofficecan.com\/fr\/wp-json\/wp\/v2\/types\/page"}],"author":[{"embeddable":true,"href":"https:\/\/grantsofficecan.com\/fr\/wp-json\/wp\/v2\/users\/3"}],"replies":[{"embeddable":true,"href":"https:\/\/grantsofficecan.com\/fr\/wp-json\/wp\/v2\/comments?post=7563"}],"version-history":[{"count":12,"href":"https:\/\/grantsofficecan.com\/fr\/wp-json\/wp\/v2\/pages\/7563\/revisions"}],"predecessor-version":[{"id":7797,"href":"https:\/\/grantsofficecan.com\/fr\/wp-json\/wp\/v2\/pages\/7563\/revisions\/7797"}],"wp:attachment":[{"href":"https:\/\/grantsofficecan.com\/fr\/wp-json\/wp\/v2\/media?parent=7563"}],"curies":[{"name":"wp","href":"https:\/\/api.w.org\/{rel}","templated":true}]}}